{"id":11,"date":"2025-11-10T10:34:18","date_gmt":"2025-11-10T10:34:18","guid":{"rendered":"https:\/\/mbacke-pelerinage.com\/?page_id=11"},"modified":"2025-12-08T10:37:09","modified_gmt":"2025-12-08T10:37:09","slug":"accueil","status":"publish","type":"page","link":"https:\/\/mbacke-pelerinage.com\/","title":{"rendered":"ACCUEIL"},"content":{"rendered":"\t\t<div data-elementor-type=\"wp-page\" data-elementor-id=\"11\" class=\"elementor elementor-11\">\n\t\t\t\t<div class=\"elementor-element elementor-element-6c7a05a e-flex e-con-boxed e-con e-parent\" data-id=\"6c7a05a\" data-element_type=\"container\">\n\t\t\t\t\t<div class=\"e-con-inner\">\n\t\t\t\t<div class=\"elementor-element elementor-element-1de7b53 elementor-invisible elementor-widget elementor-widget-image\" data-id=\"1de7b53\" data-element_type=\"widget\" data-settings=\"{&quot;_animation&quot;:&quot;slideInDown&quot;}\" data-widget_type=\"image.default\">\n\t\t\t\t\t\t\t\t\t\t\t\t\t\t\t<img fetchpriority=\"high\" decoding=\"async\" width=\"1536\" height=\"1024\" src=\"http:\/\/mbacke-pelerinage.com\/wp-content\/uploads\/2025\/11\/Banniere-MP.jpg\" class=\"attachment-full size-full wp-image-67\" alt=\"\" srcset=\"http:\/\/mbacke-pelerinage.com\/wp-content\/uploads\/2025\/11\/Banniere-MP.jpg 1536w, http:\/\/mbacke-pelerinage.com\/wp-content\/uploads\/2025\/11\/Banniere-MP-300x200.jpg 300w, http:\/\/mbacke-pelerinage.com\/wp-content\/uploads\/2025\/11\/Banniere-MP-1024x683.jpg 1024w, http:\/\/mbacke-pelerinage.com\/wp-content\/uploads\/2025\/11\/Banniere-MP-768x512.jpg 768w, http:\/\/mbacke-pelerinage.com\/wp-content\/uploads\/2025\/11\/Banniere-MP-930x620.jpg 930w\" sizes=\"(max-width: 1536px) 100vw, 1536px\" \/>\t\t\t\t\t\t\t\t\t\t\t\t\t\t\t<\/div>\n\t\t\t\t\t<\/div>\n\t\t\t\t<\/div>\n\t\t<div class=\"elementor-element elementor-element-bc37fd0 e-flex e-con-boxed e-con e-parent\" data-id=\"bc37fd0\" data-element_type=\"container\">\n\t\t\t\t\t<div class=\"e-con-inner\">\n\t\t\t\t<div class=\"elementor-element elementor-element-b12f0cb elementor-widget elementor-widget-spacer\" data-id=\"b12f0cb\" data-element_type=\"widget\" data-widget_type=\"spacer.default\">\n\t\t\t\t\t\t\t<div class=\"elementor-spacer\">\n\t\t\t<div class=\"elementor-spacer-inner\"><\/div>\n\t\t<\/div>\n\t\t\t\t\t\t<\/div>\n\t\t\t\t\t<\/div>\n\t\t\t\t<\/div>\n\t\t<div class=\"elementor-element elementor-element-9152cee e-flex e-con-boxed e-con e-parent\" data-id=\"9152cee\" data-element_type=\"container\">\n\t\t\t\t\t<div class=\"e-con-inner\">\n\t\t<div class=\"elementor-element elementor-element-053f08b e-con-full e-flex e-con e-child\" data-id=\"053f08b\" data-element_type=\"container\">\n\t\t\t\t<div class=\"elementor-element elementor-element-4518029 elementor-invisible elementor-widget elementor-widget-text-editor\" data-id=\"4518029\" data-element_type=\"widget\" data-settings=\"{&quot;_animation&quot;:&quot;slideInRight&quot;}\" data-widget_type=\"text-editor.default\">\n\t\t\t\t\t\t\t\t\t<p>\u00a0<\/p><h2><strong><span dir=\"auto\" style=\"vertical-align: inherit;\"><span dir=\"auto\" style=\"vertical-align: inherit;\"><span dir=\"auto\" style=\"vertical-align: inherit;\"><span dir=\"auto\" style=\"vertical-align: inherit;\"><span dir=\"auto\" style=\"vertical-align: inherit;\"><span dir=\"auto\" style=\"vertical-align: inherit;\">\u00c0 propos de Mback\u00e9 P\u00e8lerinage<\/span><\/span><\/span><\/span><\/span><\/span><\/strong><\/h2><p><strong><span dir=\"auto\" style=\"vertical-align: inherit;\"><span dir=\"auto\" style=\"vertical-align: inherit;\"><span dir=\"auto\" style=\"vertical-align: inherit;\"><span dir=\"auto\" style=\"vertical-align: inherit;\"><span dir=\"auto\" style=\"vertical-align: inherit;\"><span dir=\"auto\" style=\"vertical-align: inherit;\">Mback\u00e9 P\u00e8lerinage<\/span><\/span><\/span><\/span><\/span><\/span><\/strong><span dir=\"auto\" style=\"vertical-align: inherit;\"><span dir=\"auto\" style=\"vertical-align: inherit;\"><span dir=\"auto\" style=\"vertical-align: inherit;\"><span dir=\"auto\" style=\"vertical-align: inherit;\"><span dir=\"auto\" style=\"vertical-align: inherit;\"><span dir=\"auto\" style=\"vertical-align: inherit;\"> est une structure d\u00e9di\u00e9e \u00e0 l&#8217;organisation de voyages religieux et spirituels vers les lieux saints de l&#8217;islam. Fond\u00e9e avec la volont\u00e9 d&#8217;offrir bien plus qu&#8217;un simple d\u00e9placement, notre mission est de proposer \u00e0 chaque p\u00e8lerin une exp\u00e9rience profond\u00e9ment enrichissante, alliant foi, s\u00e9r\u00e9nit\u00e9 et excellence logistique.<\/span><\/span><\/span><\/span><\/span><\/span><\/p><p><span dir=\"auto\" style=\"vertical-align: inherit;\"><span dir=\"auto\" style=\"vertical-align: inherit;\"><span dir=\"auto\" style=\"vertical-align: inherit;\"><span dir=\"auto\" style=\"vertical-align: inherit;\"><span dir=\"auto\" style=\"vertical-align: inherit;\"><span dir=\"auto\" style=\"vertical-align: inherit;\">Nous <\/span><\/span><\/span><\/span><\/span><\/span><i><span dir=\"auto\" style=\"vertical-align: inherit;\"><span dir=\"auto\" style=\"vertical-align: inherit;\"><span dir=\"auto\" style=\"vertical-align: inherit;\"><span dir=\"auto\" style=\"vertical-align: inherit;\"><span dir=\"auto\" style=\"vertical-align: inherit;\"><span dir=\"auto\" style=\"vertical-align: inherit;\">accompagnons<\/span><\/span><\/span><\/span><\/span><\/span><\/i><span dir=\"auto\" style=\"vertical-align: inherit;\"><span dir=\"auto\" style=\"vertical-align: inherit;\"><span dir=\"auto\" style=\"vertical-align: inherit;\"><span dir=\"auto\" style=\"vertical-align: inherit;\"><span dir=\"auto\" style=\"vertical-align: inherit;\"><span dir=\"auto\" style=\"vertical-align: inherit;\"> nos p\u00e8lerins dans l&#8217;accomplissement du <\/span><\/span><\/span><\/span><\/span><\/span><strong><span dir=\"auto\" style=\"vertical-align: inherit;\"><span dir=\"auto\" style=\"vertical-align: inherit;\"><span dir=\"auto\" style=\"vertical-align: inherit;\"><span dir=\"auto\" style=\"vertical-align: inherit;\"><span dir=\"auto\" style=\"vertical-align: inherit;\"><span dir=\"auto\" style=\"vertical-align: inherit;\">Hajj<\/span><\/span><\/span><\/span><\/span><\/span><\/strong><span dir=\"auto\" style=\"vertical-align: inherit;\"><span dir=\"auto\" style=\"vertical-align: inherit;\"><span dir=\"auto\" style=\"vertical-align: inherit;\"><span dir=\"auto\" style=\"vertical-align: inherit;\"><span dir=\"auto\" style=\"vertical-align: inherit;\"><span dir=\"auto\" style=\"vertical-align: inherit;\"> , de la <\/span><\/span><\/span><\/span><\/span><\/span><strong><span dir=\"auto\" style=\"vertical-align: inherit;\"><span dir=\"auto\" style=\"vertical-align: inherit;\"><span dir=\"auto\" style=\"vertical-align: inherit;\"><span dir=\"auto\" style=\"vertical-align: inherit;\"><span dir=\"auto\" style=\"vertical-align: inherit;\"><span dir=\"auto\" style=\"vertical-align: inherit;\">Oumra<\/span><\/span><\/span><\/span><\/span><\/span><\/strong><span dir=\"auto\" style=\"vertical-align: inherit;\"><span dir=\"auto\" style=\"vertical-align: inherit;\"><span dir=\"auto\" style=\"vertical-align: inherit;\"><span dir=\"auto\" style=\"vertical-align: inherit;\"><span dir=\"auto\" style=\"vertical-align: inherit;\"><span dir=\"auto\" style=\"vertical-align: inherit;\"> , des <\/span><\/span><\/span><\/span><\/span><\/span><strong><span dir=\"auto\" style=\"vertical-align: inherit;\"><span dir=\"auto\" style=\"vertical-align: inherit;\"><span dir=\"auto\" style=\"vertical-align: inherit;\"><span dir=\"auto\" style=\"vertical-align: inherit;\"><span dir=\"auto\" style=\"vertical-align: inherit;\"><span dir=\"auto\" style=\"vertical-align: inherit;\">Ziara<\/span><\/span><\/span><\/span><\/span><\/span><\/strong><span dir=\"auto\" style=\"vertical-align: inherit;\"><span dir=\"auto\" style=\"vertical-align: inherit;\"><span dir=\"auto\" style=\"vertical-align: inherit;\"><span dir=\"auto\" style=\"vertical-align: inherit;\"><span dir=\"auto\" style=\"vertical-align: inherit;\"><span dir=\"auto\" style=\"vertical-align: inherit;\"> et de visites spirituelles \u00e0 travers des destinations embl\u00e9matiques telles que <\/span><\/span><\/span><\/span><\/span><\/span><strong><span dir=\"auto\" style=\"vertical-align: inherit;\"><span dir=\"auto\" style=\"vertical-align: inherit;\"><span dir=\"auto\" style=\"vertical-align: inherit;\"><span dir=\"auto\" style=\"vertical-align: inherit;\"><span dir=\"auto\" style=\"vertical-align: inherit;\"><span dir=\"auto\" style=\"vertical-align: inherit;\">La Mecque<\/span><\/span><\/span><\/span><\/span><\/span><\/strong><span dir=\"auto\" style=\"vertical-align: inherit;\"><span dir=\"auto\" style=\"vertical-align: inherit;\"><span dir=\"auto\" style=\"vertical-align: inherit;\"><span dir=\"auto\" style=\"vertical-align: inherit;\"><span dir=\"auto\" style=\"vertical-align: inherit;\"><span dir=\"auto\" style=\"vertical-align: inherit;\"> , <\/span><\/span><\/span><\/span><\/span><\/span><strong><span dir=\"auto\" style=\"vertical-align: inherit;\"><span dir=\"auto\" style=\"vertical-align: inherit;\"><span dir=\"auto\" style=\"vertical-align: inherit;\"><span dir=\"auto\" style=\"vertical-align: inherit;\"><span dir=\"auto\" style=\"vertical-align: inherit;\"><span dir=\"auto\" style=\"vertical-align: inherit;\">M\u00e9dine<\/span><\/span><\/span><\/span><\/span><\/span><\/strong><span dir=\"auto\" style=\"vertical-align: inherit;\"><span dir=\"auto\" style=\"vertical-align: inherit;\"><span dir=\"auto\" style=\"vertical-align: inherit;\"><span dir=\"auto\" style=\"vertical-align: inherit;\"><span dir=\"auto\" style=\"vertical-align: inherit;\"><span dir=\"auto\" style=\"vertical-align: inherit;\"> \u00a0ou\u00a0\u00a0 <\/span><\/span><\/span><\/span><\/span><\/span><strong><span dir=\"auto\" style=\"vertical-align: inherit;\"><span dir=\"auto\" style=\"vertical-align: inherit;\"><span dir=\"auto\" style=\"vertical-align: inherit;\"><span dir=\"auto\" style=\"vertical-align: inherit;\"><span dir=\"auto\" style=\"vertical-align: inherit;\"><span dir=\"auto\" style=\"vertical-align: inherit;\">F\u00e8s<\/span><\/span><\/span><\/span><\/span><\/span><\/strong><span dir=\"auto\" style=\"vertical-align: inherit;\"><span dir=\"auto\" style=\"vertical-align: inherit;\"><span dir=\"auto\" style=\"vertical-align: inherit;\"><span dir=\"auto\" style=\"vertical-align: inherit;\"><span dir=\"auto\" style=\"vertical-align: inherit;\"><span dir=\"auto\" style=\"vertical-align: inherit;\"> . Chaque itin\u00e9raire est pens\u00e9 pour r\u00e9pondre aux besoins sp\u00e9cifiques de nos p\u00e8lerins, dans le respect des rites, des valeurs et du confort.<\/span><\/span><\/span><\/span><\/span><\/span><\/p><p><span dir=\"auto\" style=\"vertical-align: inherit;\"><span dir=\"auto\" style=\"vertical-align: inherit;\"><span dir=\"auto\" style=\"vertical-align: inherit;\"><span dir=\"auto\" style=\"vertical-align: inherit;\"><span dir=\"auto\" style=\"vertical-align: inherit;\"><span dir=\"auto\" style=\"vertical-align: inherit;\">Notre \u00e9quipe, \u00e0 la fois comp\u00e9tente et engag\u00e9e, assure un <\/span><\/span><\/span><\/span><\/span><\/span><strong><span dir=\"auto\" style=\"vertical-align: inherit;\"><span dir=\"auto\" style=\"vertical-align: inherit;\"><span dir=\"auto\" style=\"vertical-align: inherit;\"><span dir=\"auto\" style=\"vertical-align: inherit;\"><span dir=\"auto\" style=\"vertical-align: inherit;\"><span dir=\"auto\" style=\"vertical-align: inherit;\">suivi personnalis\u00e9<\/span><\/span><\/span><\/span><\/span><\/span><\/strong><span dir=\"auto\" style=\"vertical-align: inherit;\"><span dir=\"auto\" style=\"vertical-align: inherit;\"><span dir=\"auto\" style=\"vertical-align: inherit;\"><span dir=\"auto\" style=\"vertical-align: inherit;\"><span dir=\"auto\" style=\"vertical-align: inherit;\"><span dir=\"auto\" style=\"vertical-align: inherit;\"> \u00e0 chaque \u00e9tape du voyage : de la pr\u00e9paration administrative \u00e0 l&#8217;encadrement sur place, en passant par l&#8217;h\u00e9bergement, le transport et l&#8217;assistance spirituelle. Nous mettons un point d&#8217;honneur \u00e0 garantir une <\/span><\/span><\/span><\/span><\/span><\/span><strong><span dir=\"auto\" style=\"vertical-align: inherit;\"><span dir=\"auto\" style=\"vertical-align: inherit;\"><span dir=\"auto\" style=\"vertical-align: inherit;\"><span dir=\"auto\" style=\"vertical-align: inherit;\"><span dir=\"auto\" style=\"vertical-align: inherit;\"><span dir=\"auto\" style=\"vertical-align: inherit;\">organisation rigoureuse<\/span><\/span><\/span><\/span><\/span><\/span><\/strong><span dir=\"auto\" style=\"vertical-align: inherit;\"><span dir=\"auto\" style=\"vertical-align: inherit;\"><span dir=\"auto\" style=\"vertical-align: inherit;\"><span dir=\"auto\" style=\"vertical-align: inherit;\"><span dir=\"auto\" style=\"vertical-align: inherit;\"><span dir=\"auto\" style=\"vertical-align: inherit;\"> , une <\/span><\/span><\/span><\/span><\/span><\/span><strong><span dir=\"auto\" style=\"vertical-align: inherit;\"><span dir=\"auto\" style=\"vertical-align: inherit;\"><span dir=\"auto\" style=\"vertical-align: inherit;\"><span dir=\"auto\" style=\"vertical-align: inherit;\"><span dir=\"auto\" style=\"vertical-align: inherit;\"><span dir=\"auto\" style=\"vertical-align: inherit;\">prise en charge compl\u00e8te<\/span><\/span><\/span><\/span><\/span><\/span><\/strong><span dir=\"auto\" style=\"vertical-align: inherit;\"><span dir=\"auto\" style=\"vertical-align: inherit;\"><span dir=\"auto\" style=\"vertical-align: inherit;\"><span dir=\"auto\" style=\"vertical-align: inherit;\"><span dir=\"auto\" style=\"vertical-align: inherit;\"><span dir=\"auto\" style=\"vertical-align: inherit;\"> et un <\/span><\/span><\/span><\/span><\/span><\/span><strong><span dir=\"auto\" style=\"vertical-align: inherit;\"><span dir=\"auto\" style=\"vertical-align: inherit;\"><span dir=\"auto\" style=\"vertical-align: inherit;\"><span dir=\"auto\" style=\"vertical-align: inherit;\"><span dir=\"auto\" style=\"vertical-align: inherit;\"><span dir=\"auto\" style=\"vertical-align: inherit;\">accompagnement humain<\/span><\/span><\/span><\/span><\/span><\/span><\/strong><span dir=\"auto\" style=\"vertical-align: inherit;\"><span dir=\"auto\" style=\"vertical-align: inherit;\"><span dir=\"auto\" style=\"vertical-align: inherit;\"><span dir=\"auto\" style=\"vertical-align: inherit;\"><span dir=\"auto\" style=\"vertical-align: inherit;\"><span dir=\"auto\" style=\"vertical-align: inherit;\"> , pour que chaque p\u00e8lerin puisse vivre son s\u00e9jour en toute tranquillit\u00e9.<\/span><\/span><\/span><\/span><\/span><\/span><\/p><p><span dir=\"auto\" style=\"vertical-align: inherit;\"><span dir=\"auto\" style=\"vertical-align: inherit;\"><span dir=\"auto\" style=\"vertical-align: inherit;\"><span dir=\"auto\" style=\"vertical-align: inherit;\"><span dir=\"auto\" style=\"vertical-align: inherit;\"><span dir=\"auto\" style=\"vertical-align: inherit;\">Avec <\/span><\/span><\/span><\/span><\/span><\/span><strong><span dir=\"auto\" style=\"vertical-align: inherit;\"><span dir=\"auto\" style=\"vertical-align: inherit;\"><span dir=\"auto\" style=\"vertical-align: inherit;\"><span dir=\"auto\" style=\"vertical-align: inherit;\"><span dir=\"auto\" style=\"vertical-align: inherit;\"><span dir=\"auto\" style=\"vertical-align: inherit;\">Mback\u00e9 P\u00e8lerinage<\/span><\/span><\/span><\/span><\/span><\/span><\/strong><span dir=\"auto\" style=\"vertical-align: inherit;\"><span dir=\"auto\" style=\"vertical-align: inherit;\"><span dir=\"auto\" style=\"vertical-align: inherit;\"><span dir=\"auto\" style=\"vertical-align: inherit;\"><span dir=\"auto\" style=\"vertical-align: inherit;\"><span dir=\"auto\" style=\"vertical-align: inherit;\"> , partez l&#8217;esprit apais\u00e9, port\u00e9 par la foi, et vivez un voyage \u00e0 la hauteur de vos aspirations spirituelles.<\/span><\/span><\/span><\/span><\/span><\/span><\/p>\t\t\t\t\t\t\t\t<\/div>\n\t\t\t\t<\/div>\n\t\t<div class=\"elementor-element elementor-element-eb14d2f e-con-full e-flex e-con e-child\" data-id=\"eb14d2f\" data-element_type=\"container\">\n\t\t<div class=\"elementor-element elementor-element-4a94df4 e-con-full e-flex e-con e-child\" data-id=\"4a94df4\" data-element_type=\"container\">\n\t\t\t\t<div class=\"elementor-element elementor-element-9031018 elementor-invisible elementor-widget elementor-widget-image\" data-id=\"9031018\" data-element_type=\"widget\" data-settings=\"{&quot;_animation&quot;:&quot;fadeInLeft&quot;}\" data-widget_type=\"image.default\">\n\t\t\t\t\t\t\t\t\t\t\t\t\t\t\t<img decoding=\"async\" width=\"1024\" height=\"768\" src=\"http:\/\/mbacke-pelerinage.com\/wp-content\/uploads\/2025\/11\/image-ac-2.jpg\" class=\"attachment-large size-large wp-image-44\" alt=\"\" srcset=\"http:\/\/mbacke-pelerinage.com\/wp-content\/uploads\/2025\/11\/image-ac-2.jpg 1024w, http:\/\/mbacke-pelerinage.com\/wp-content\/uploads\/2025\/11\/image-ac-2-300x225.jpg 300w, http:\/\/mbacke-pelerinage.com\/wp-content\/uploads\/2025\/11\/image-ac-2-768x576.jpg 768w\" sizes=\"(max-width: 1024px) 100vw, 1024px\" \/>\t\t\t\t\t\t\t\t\t\t\t\t\t\t\t<\/div>\n\t\t\t\t<\/div>\n\t\t<div class=\"elementor-element elementor-element-19d9f37 e-con-full e-flex e-con e-child\" data-id=\"19d9f37\" data-element_type=\"container\">\n\t\t\t\t<div class=\"elementor-element elementor-element-0efafa7 elementor-invisible elementor-widget elementor-widget-image\" data-id=\"0efafa7\" data-element_type=\"widget\" data-settings=\"{&quot;_animation&quot;:&quot;slideInLeft&quot;}\" data-widget_type=\"image.default\">\n\t\t\t\t\t\t\t\t\t\t\t\t\t\t\t<img decoding=\"async\" width=\"1024\" height=\"768\" src=\"http:\/\/mbacke-pelerinage.com\/wp-content\/uploads\/2025\/11\/image-ac-3-1024x768.jpg\" class=\"attachment-large size-large wp-image-45\" alt=\"\" srcset=\"http:\/\/mbacke-pelerinage.com\/wp-content\/uploads\/2025\/11\/image-ac-3-1024x768.jpg 1024w, http:\/\/mbacke-pelerinage.com\/wp-content\/uploads\/2025\/11\/image-ac-3-300x225.jpg 300w, http:\/\/mbacke-pelerinage.com\/wp-content\/uploads\/2025\/11\/image-ac-3-768x576.jpg 768w, http:\/\/mbacke-pelerinage.com\/wp-content\/uploads\/2025\/11\/image-ac-3-1536x1152.jpg 1536w, http:\/\/mbacke-pelerinage.com\/wp-content\/uploads\/2025\/11\/image-ac-3-2048x1536.jpg 2048w\" sizes=\"(max-width: 1024px) 100vw, 1024px\" \/>\t\t\t\t\t\t\t\t\t\t\t\t\t\t\t<\/div>\n\t\t\t\t<\/div>\n\t\t\t\t<\/div>\n\t\t\t\t\t<\/div>\n\t\t\t\t<\/div>\n\t\t<div class=\"elementor-element elementor-element-db17bd5 e-flex e-con-boxed e-con e-parent\" data-id=\"db17bd5\" data-element_type=\"container\">\n\t\t\t\t\t<div class=\"e-con-inner\">\n\t\t\t\t<div class=\"elementor-element elementor-element-e4a399d elementor-widget elementor-widget-spacer\" data-id=\"e4a399d\" data-element_type=\"widget\" data-widget_type=\"spacer.default\">\n\t\t\t\t\t\t\t<div class=\"elementor-spacer\">\n\t\t\t<div class=\"elementor-spacer-inner\"><\/div>\n\t\t<\/div>\n\t\t\t\t\t\t<\/div>\n\t\t\t\t\t<\/div>\n\t\t\t\t<\/div>\n\t\t<div class=\"elementor-element elementor-element-41caa85 e-flex e-con-boxed e-con e-parent\" data-id=\"41caa85\" data-element_type=\"container\">\n\t\t\t\t\t<div class=\"e-con-inner\">\n\t\t\t\t<div class=\"elementor-element elementor-element-46e202c elementor-widget elementor-widget-heading\" data-id=\"46e202c\" data-element_type=\"widget\" data-widget_type=\"heading.default\">\n\t\t\t\t\t<h2 class=\"elementor-heading-title elementor-size-default\">Les plus beaux voyages du monde<\/h2>\t\t\t\t<\/div>\n\t\t\t\t\t<\/div>\n\t\t\t\t<\/div>\n\t\t<div class=\"elementor-element elementor-element-a671d1b e-flex e-con-boxed e-con e-parent\" data-id=\"a671d1b\" data-element_type=\"container\">\n\t\t\t\t\t<div class=\"e-con-inner\">\n\t\t\t\t<div class=\"elementor-element elementor-element-2e75aba elementor-widget-divider--view-line elementor-widget elementor-widget-divider\" data-id=\"2e75aba\" data-element_type=\"widget\" data-widget_type=\"divider.default\">\n\t\t\t\t\t\t\t<div class=\"elementor-divider\">\n\t\t\t<span class=\"elementor-divider-separator\">\n\t\t\t\t\t\t<\/span>\n\t\t<\/div>\n\t\t\t\t\t\t<\/div>\n\t\t\t\t\t<\/div>\n\t\t\t\t<\/div>\n\t\t<div class=\"elementor-element elementor-element-c8227b2 e-flex e-con-boxed e-con e-parent\" data-id=\"c8227b2\" data-element_type=\"container\">\n\t\t\t\t\t<div class=\"e-con-inner\">\n\t\t<div class=\"elementor-element elementor-element-3cbb778 e-con-full e-flex e-con e-child\" data-id=\"3cbb778\" data-element_type=\"container\">\n\t\t\t\t<div class=\"elementor-element elementor-element-4e3d842 elementor-invisible elementor-widget elementor-widget-image\" data-id=\"4e3d842\" data-element_type=\"widget\" data-settings=\"{&quot;_animation&quot;:&quot;zoomInLeft&quot;}\" data-widget_type=\"image.default\">\n\t\t\t\t\t\t\t\t\t\t\t\t<figure class=\"wp-caption\">\n\t\t\t\t\t\t\t\t\t\t<img loading=\"lazy\" decoding=\"async\" width=\"768\" height=\"419\" src=\"http:\/\/mbacke-pelerinage.com\/wp-content\/uploads\/2025\/11\/image-Hajj-768x419.jpg\" class=\"attachment-medium_large size-medium_large wp-image-58\" alt=\"\" srcset=\"http:\/\/mbacke-pelerinage.com\/wp-content\/uploads\/2025\/11\/image-Hajj-768x419.jpg 768w, http:\/\/mbacke-pelerinage.com\/wp-content\/uploads\/2025\/11\/image-Hajj-300x164.jpg 300w, http:\/\/mbacke-pelerinage.com\/wp-content\/uploads\/2025\/11\/image-Hajj-1024x559.jpg 1024w, http:\/\/mbacke-pelerinage.com\/wp-content\/uploads\/2025\/11\/image-Hajj.jpg 1408w\" sizes=\"(max-width: 768px) 100vw, 768px\" \/>\t\t\t\t\t\t\t\t\t\t\t<figcaption class=\"widget-image-caption wp-caption-text\"><\/figcaption>\n\t\t\t\t\t\t\t\t\t\t<\/figure>\n\t\t\t\t\t\t\t\t\t<\/div>\n\t\t\t\t<\/div>\n\t\t<div class=\"elementor-element elementor-element-bfdefc9 e-con-full e-flex e-con e-child\" data-id=\"bfdefc9\" data-element_type=\"container\">\n\t\t\t\t<div class=\"elementor-element elementor-element-a8e03ba elementor-invisible elementor-widget elementor-widget-image\" data-id=\"a8e03ba\" data-element_type=\"widget\" data-settings=\"{&quot;_animation&quot;:&quot;zoomInRight&quot;}\" data-widget_type=\"image.default\">\n\t\t\t\t\t\t\t\t\t\t\t\t\t\t\t<img loading=\"lazy\" decoding=\"async\" width=\"612\" height=\"335\" src=\"http:\/\/mbacke-pelerinage.com\/wp-content\/uploads\/2025\/11\/image-oumra-1.jpg\" class=\"attachment-medium_large size-medium_large wp-image-54\" alt=\"\" srcset=\"http:\/\/mbacke-pelerinage.com\/wp-content\/uploads\/2025\/11\/image-oumra-1.jpg 612w, http:\/\/mbacke-pelerinage.com\/wp-content\/uploads\/2025\/11\/image-oumra-1-300x164.jpg 300w\" sizes=\"(max-width: 612px) 100vw, 612px\" \/>\t\t\t\t\t\t\t\t\t\t\t\t\t\t\t<\/div>\n\t\t\t\t<\/div>\n\t\t<div class=\"elementor-element elementor-element-ec0a3cd e-con-full e-flex e-con e-child\" data-id=\"ec0a3cd\" data-element_type=\"container\">\n\t\t\t\t<div class=\"elementor-element elementor-element-a40c15e elementor-invisible elementor-widget elementor-widget-image\" data-id=\"a40c15e\" data-element_type=\"widget\" data-settings=\"{&quot;_animation&quot;:&quot;zoomInDown&quot;}\" data-widget_type=\"image.default\">\n\t\t\t\t\t\t\t\t\t\t\t\t\t\t\t<img loading=\"lazy\" decoding=\"async\" width=\"1200\" height=\"675\" src=\"http:\/\/mbacke-pelerinage.com\/wp-content\/uploads\/2025\/11\/image-fes.jpg\" class=\"attachment-1536x1536 size-1536x1536 wp-image-55\" alt=\"\" srcset=\"http:\/\/mbacke-pelerinage.com\/wp-content\/uploads\/2025\/11\/image-fes.jpg 1200w, http:\/\/mbacke-pelerinage.com\/wp-content\/uploads\/2025\/11\/image-fes-300x169.jpg 300w, http:\/\/mbacke-pelerinage.com\/wp-content\/uploads\/2025\/11\/image-fes-1024x576.jpg 1024w, http:\/\/mbacke-pelerinage.com\/wp-content\/uploads\/2025\/11\/image-fes-768x432.jpg 768w\" sizes=\"(max-width: 1200px) 100vw, 1200px\" \/>\t\t\t\t\t\t\t\t\t\t\t\t\t\t\t<\/div>\n\t\t\t\t<\/div>\n\t\t\t\t\t<\/div>\n\t\t\t\t<\/div>\n\t\t<div class=\"elementor-element elementor-element-9d09a21 e-flex e-con-boxed e-con e-parent\" data-id=\"9d09a21\" data-element_type=\"container\">\n\t\t\t\t\t<div class=\"e-con-inner\">\n\t\t\t\t<div class=\"elementor-element elementor-element-4668ea8 elementor-widget elementor-widget-spacer\" data-id=\"4668ea8\" data-element_type=\"widget\" data-widget_type=\"spacer.default\">\n\t\t\t\t\t\t\t<div class=\"elementor-spacer\">\n\t\t\t<div class=\"elementor-spacer-inner\"><\/div>\n\t\t<\/div>\n\t\t\t\t\t\t<\/div>\n\t\t\t\t\t<\/div>\n\t\t\t\t<\/div>\n\t\t<div class=\"elementor-element elementor-element-4ebaf0a e-flex e-con-boxed e-con e-parent\" data-id=\"4ebaf0a\" data-element_type=\"container\">\n\t\t\t\t\t<div class=\"e-con-inner\">\n\t\t\t\t<div class=\"elementor-element elementor-element-2ddf3fb elementor-widget elementor-widget-google_maps\" data-id=\"2ddf3fb\" data-element_type=\"widget\" data-widget_type=\"google_maps.default\">\n\t\t\t\t\t\t\t<div class=\"elementor-custom-embed\">\n\t\t\t<iframe loading=\"lazy\"\n\t\t\t\t\tsrc=\"https:\/\/maps.google.com\/maps?q=Mbour%2C%20thies%2C%20s%C3%A9n%C3%A9gal&#038;t=m&#038;z=14&#038;output=embed&#038;iwloc=near\"\n\t\t\t\t\ttitle=\"Mbour, thies, s\u00e9n\u00e9gal\"\n\t\t\t\t\taria-label=\"Mbour, thies, s\u00e9n\u00e9gal\"\n\t\t\t><\/iframe>\n\t\t<\/div>\n\t\t\t\t\t\t<\/div>\n\t\t\t\t\t<\/div>\n\t\t\t\t<\/div>\n\t\t\t\t<\/div>\n\t\t","protected":false},"excerpt":{"rendered":"<p>\u00a0 \u00c0 propos de Mback\u00e9 P\u00e8lerinage Mback\u00e9 P\u00e8lerinage est une structure d\u00e9di\u00e9e \u00e0 l&#8217;organisation de voyages religieux et spirituels vers les lieux saints de l&#8217;islam. Fond\u00e9e avec la volont\u00e9 d&#8217;offrir bien plus qu&#8217;un simple d\u00e9placement, notre mission est de proposer \u00e0 chaque p\u00e8lerin une exp\u00e9rience profond\u00e9ment enrichissante, alliant foi, s\u00e9r\u00e9nit\u00e9 et excellence logistique. Nous accompagnons&hellip;&nbsp;<a href=\"https:\/\/mbacke-pelerinage.com\/\" rel=\"bookmark\"><span class=\"screen-reader-text\">ACCUEIL<\/span><\/a><\/p>\n","protected":false},"author":1,"featured_media":0,"parent":0,"menu_order":0,"comment_status":"closed","ping_status":"closed","template":"","meta":{"neve_meta_sidebar":"","neve_meta_container":"","neve_meta_enable_content_width":"on","neve_meta_content_width":100,"neve_meta_title_alignment":"","neve_meta_author_avatar":"","neve_post_elements_order":"","neve_meta_disable_header":"","neve_meta_disable_footer":"","neve_meta_disable_title":"on","footnotes":""},"class_list":["post-11","page","type-page","status-publish","hentry"],"_links":{"self":[{"href":"https:\/\/mbacke-pelerinage.com\/index.php\/wp-json\/wp\/v2\/pages\/11","targetHints":{"allow":["GET"]}}],"collection":[{"href":"https:\/\/mbacke-pelerinage.com\/index.php\/wp-json\/wp\/v2\/pages"}],"about":[{"href":"https:\/\/mbacke-pelerinage.com\/index.php\/wp-json\/wp\/v2\/types\/page"}],"author":[{"embeddable":true,"href":"https:\/\/mbacke-pelerinage.com\/index.php\/wp-json\/wp\/v2\/users\/1"}],"replies":[{"embeddable":true,"href":"https:\/\/mbacke-pelerinage.com\/index.php\/wp-json\/wp\/v2\/comments?post=11"}],"version-history":[{"count":33,"href":"https:\/\/mbacke-pelerinage.com\/index.php\/wp-json\/wp\/v2\/pages\/11\/revisions"}],"predecessor-version":[{"id":148,"href":"https:\/\/mbacke-pelerinage.com\/index.php\/wp-json\/wp\/v2\/pages\/11\/revisions\/148"}],"wp:attachment":[{"href":"https:\/\/mbacke-pelerinage.com\/index.php\/wp-json\/wp\/v2\/media?parent=11"}],"curies":[{"name":"wp","href":"https:\/\/api.w.org\/{rel}","templated":true}]}}