{"id":13,"date":"2025-11-10T10:34:18","date_gmt":"2025-11-10T10:34:18","guid":{"rendered":"https:\/\/mbacke-pelerinage.com\/?page_id=13"},"modified":"2025-12-02T19:06:06","modified_gmt":"2025-12-02T19:06:06","slug":"contact","status":"publish","type":"page","link":"https:\/\/mbacke-pelerinage.com\/index.php\/contact\/","title":{"rendered":"Contact"},"content":{"rendered":"\t\t<div data-elementor-type=\"wp-page\" data-elementor-id=\"13\" class=\"elementor elementor-13\">\n\t\t\t\t<div class=\"elementor-element elementor-element-5ebd613 e-flex e-con-boxed e-con e-parent\" data-id=\"5ebd613\" data-element_type=\"container\">\n\t\t\t\t\t<div class=\"e-con-inner\">\n\t\t\t\t<div class=\"elementor-element elementor-element-3c639dc elementor-widget elementor-widget-spacer\" data-id=\"3c639dc\" data-element_type=\"widget\" data-widget_type=\"spacer.default\">\n\t\t\t\t\t\t\t<div class=\"elementor-spacer\">\n\t\t\t<div class=\"elementor-spacer-inner\"><\/div>\n\t\t<\/div>\n\t\t\t\t\t\t<\/div>\n\t\t\t\t\t<\/div>\n\t\t\t\t<\/div>\n\t\t<div class=\"elementor-element elementor-element-66db07a e-flex e-con-boxed e-con e-parent\" data-id=\"66db07a\" data-element_type=\"container\">\n\t\t\t\t\t<div class=\"e-con-inner\">\n\t\t\t\t<div class=\"elementor-element elementor-element-06446b3 elementor-widget elementor-widget-tp-plus-form\" data-id=\"06446b3\" data-element_type=\"widget\" data-widget_type=\"tp-plus-form.default\">\n\t\t\t\t\t<div class=\"tpae-form-container\" data-formdata=\"{&quot;form_id&quot;:&quot;tpae-form-main&quot;,&quot;Required_mask&quot;:&quot;show-asterisks&quot;,&quot;invalid_form&quot;:&quot;Invalid form! Please check it again.&quot;,&quot;required_fields&quot;:&quot;This field is required.&quot;,&quot;form_error&quot;:&quot;There was an error in submitting the form.&quot;,&quot;success_message&quot;:&quot;Form Submitted Successfully&quot;,&quot;server_error&quot;:&quot;A server error occurred.&quot;}\" data-emaildata=\"&quot;Nkw3OUNHcEJKWHhMVmRtZVF5SDF4TmtnRzhUUkRYazdBYmsxd3kwbk1zY1BRTEs1RmdNVHNUUUcvMi9aYWxXV3AvYnd4YUJqeHYzVmhkeHhRL0pWYXhJc3NyS0l2ZFozRDdhOUwvbURmUnVDbzI3WU9mRFhpbTZtblVxRXFGMW53bHVKcEFGZHg4M2JLR3RoemtaODRLMEFJTlpvUkZwYUlWZGxPSjBvNnBHUFBVWjkrOXh3aU0xUTRVdUdvZkRNVXUydFhCcEtUU0l3b21lZkQvSnA5OTR4Wmx3N1dSRWt4M3pLUmc1S0JPbmNPbG44WnU0Mm1weHlUTkRNc1ZXc3A1cDVPN3RRYnI3ejE5VVVzQ2NoaUt4dHBiOWtmeDN0dCtMdVRMWTFMOHpFMmN2NnJLMktleXRnODVhN0w3S0ZYQnk4T0xOVWpqVWVwbGhLeGxtYlhMd1FzeXFOZXVGY29TZ2gzdHFCeXRMam1xeS9Kc1F4UlI1Vjh6ODJpVHFhZTliS3JQelB5WUNUNjlyZmtlcFpGSkJsb25XNW4vK0VrRHRsS1V0K3NzZz0=&quot;\" ><style> .elementor-element-06446b3 .tpae-form-submit-container{ width:100%!important } <\/style><form id=\"tpae-form-main\" class=\"tpae-form\" method=\"post\"><div class=\"tpae-form-field\" data-width=\"\" data-tablet-width=\"\" data-mobile-width=\"\"> <label for=\"form_fields[first_name]\" class=\"tpae-form-label\">Pr\u00e9nom <span class=\"tpae-required-asterisk\">*<\/span><\/label><input type=\"text\" name=\"first_name\" id=\"first_name\" placeholder=\"entrer votre pr\u00e9nom\" required class=\"medium\" value=\"\" aria-description=\"\"\/><span class=\"tpae-help-text\"><\/span><\/div><div class=\"tpae-form-field\" data-width=\"\" data-tablet-width=\"\" data-mobile-width=\"\"> <label for=\"form_fields[last_name]\" class=\"tpae-form-label\">Nom <span class=\"tpae-required-asterisk\">*<\/span><\/label><input type=\"text\" name=\"last_name\" id=\"last_name\" placeholder=\"Entrer votre nom\" required class=\"medium\" value=\"\" aria-description=\"\"\/><span class=\"tpae-help-text\"><\/span><\/div><div class=\"tpae-form-field\" data-width=\"\" data-tablet-width=\"\" data-mobile-width=\"\"> <label for=\"form_fields[email]\" class=\"tpae-form-label\">Email <span class=\"tpae-required-asterisk\">*<\/span><\/label><input type=\"email\" name=\"email\" id=\"email\" placeholder=\"Entrer votre adresse mail\" required class=\"medium\" value=\"\" aria-description=\"\"\/><span class=\"tpae-help-text\"><\/span><\/div><div class=\"tpae-form-field\" data-width=\"\" data-tablet-width=\"\" data-mobile-width=\"\"> <label for=\"form_fields[mobile_number]\" class=\"tpae-form-label\">Num\u00e9ro de t\u00e9l\u00e9phone <span class=\"tpae-required-asterisk\">*<\/span><\/label><input type=\"number\" name=\"mobile_number\" id=\"mobile_number\" placeholder=\"Entrer votre Num\u00e9ro de t\u00e9l\u00e9phone\" required class=\"medium\" value=\"\" aria-description=\"\"\/><span class=\"tpae-help-text\"><\/span><\/div><div class=\"tpae-form-field\" data-width=\"\" data-tablet-width=\"\" data-mobile-width=\"\"> <label for=\"form_fields[subject]\" class=\"tpae-form-label\">Services<\/label><input type=\"text\" name=\"subject\" id=\"subject\" placeholder=\"Entrer l&#039;objet de votre demande\"  class=\"medium\" value=\"\" aria-description=\"\"\/><span class=\"tpae-help-text\"><\/span><\/div><div class=\"tpae-form-field\" data-width=\"\" data-tablet-width=\"\" data-mobile-width=\"\"> <label for=\"form_fields[message]\" class=\"tpae-form-label\">Message<\/label><textarea name=\"message\" rows=\"4\" id=\"message\" placeholder=\"Ecrire votre message \"  class=\"medium\"aria-description=\"\"><\/textarea><\/div><div class=\"tpae-form-submit-container\"><button id=\"tpae-form-button\" type=\"submit\" class=\"tpae-form-submit tpae-form-button tpae-icon-after\"><span class=\"tpae-button-text\">Envoyer  <\/span><span class=\"tpae-button-loader\" style=\"display:none;\"><span class=\"tpae-spinner\"><\/span><\/span><\/button><\/div><\/form><\/div>\t\t\t\t<\/div>\n\t\t\t\t\t<\/div>\n\t\t\t\t<\/div>\n\t\t<div class=\"elementor-element elementor-element-be5f6c3 e-flex e-con-boxed e-con e-parent\" data-id=\"be5f6c3\" data-element_type=\"container\">\n\t\t\t\t\t<div class=\"e-con-inner\">\n\t\t\t\t<div class=\"elementor-element elementor-element-66a9e57 elementor-widget elementor-widget-spacer\" data-id=\"66a9e57\" data-element_type=\"widget\" data-widget_type=\"spacer.default\">\n\t\t\t\t\t\t\t<div class=\"elementor-spacer\">\n\t\t\t<div class=\"elementor-spacer-inner\"><\/div>\n\t\t<\/div>\n\t\t\t\t\t\t<\/div>\n\t\t\t\t\t<\/div>\n\t\t\t\t<\/div>\n\t\t\t\t<\/div>\n\t\t","protected":false},"excerpt":{"rendered":"<p>Pr\u00e9nom * Nom * Email * Num\u00e9ro de t\u00e9l\u00e9phone * Services MessageEnvoyer<\/p>\n","protected":false},"author":1,"featured_media":0,"parent":0,"menu_order":0,"comment_status":"closed","ping_status":"closed","template":"","meta":{"neve_meta_sidebar":"","neve_meta_container":"","neve_meta_enable_content_width":"on","neve_meta_content_width":100,"neve_meta_title_alignment":"","neve_meta_author_avatar":"","neve_post_elements_order":"","neve_meta_disable_header":"","neve_meta_disable_footer":"","neve_meta_disable_title":"on","footnotes":""},"class_list":["post-13","page","type-page","status-publish","hentry"],"_links":{"self":[{"href":"https:\/\/mbacke-pelerinage.com\/index.php\/wp-json\/wp\/v2\/pages\/13","targetHints":{"allow":["GET"]}}],"collection":[{"href":"https:\/\/mbacke-pelerinage.com\/index.php\/wp-json\/wp\/v2\/pages"}],"about":[{"href":"https:\/\/mbacke-pelerinage.com\/index.php\/wp-json\/wp\/v2\/types\/page"}],"author":[{"embeddable":true,"href":"https:\/\/mbacke-pelerinage.com\/index.php\/wp-json\/wp\/v2\/users\/1"}],"replies":[{"embeddable":true,"href":"https:\/\/mbacke-pelerinage.com\/index.php\/wp-json\/wp\/v2\/comments?post=13"}],"version-history":[{"count":11,"href":"https:\/\/mbacke-pelerinage.com\/index.php\/wp-json\/wp\/v2\/pages\/13\/revisions"}],"predecessor-version":[{"id":144,"href":"https:\/\/mbacke-pelerinage.com\/index.php\/wp-json\/wp\/v2\/pages\/13\/revisions\/144"}],"wp:attachment":[{"href":"https:\/\/mbacke-pelerinage.com\/index.php\/wp-json\/wp\/v2\/media?parent=13"}],"curies":[{"name":"wp","href":"https:\/\/api.w.org\/{rel}","templated":true}]}}